{"id":530,"date":"2024-04-09T13:29:38","date_gmt":"2024-04-09T11:29:38","guid":{"rendered":"https:\/\/dpia-colaert.com\/?page_id=530"},"modified":"2024-04-16T11:12:17","modified_gmt":"2024-04-16T09:12:17","slug":"recrutement","status":"publish","type":"page","link":"https:\/\/dpia-colaert.com\/en\/recrutement\/","title":{"rendered":"Recruitment"},"content":{"rendered":"<div data-elementor-type=\"wp-page\" data-elementor-id=\"530\" class=\"elementor elementor-530\" data-elementor-post-type=\"page\">\n\t\t\t\t<div class=\"elementor-element elementor-element-4fd55f15 e-flex e-con-boxed e-con e-parent\" data-id=\"4fd55f15\" data-element_type=\"container\" data-e-type=\"container\">\n\t\t\t\t\t<div class=\"e-con-inner\">\n\t\t\t\t<div class=\"elementor-element elementor-element-7c31f89 elementor-widget elementor-widget-heading\" data-id=\"7c31f89\" data-element_type=\"widget\" data-e-type=\"widget\" data-widget_type=\"heading.default\">\n\t\t\t\t<div class=\"elementor-widget-container\">\n\t\t\t\t\t<h2 class=\"elementor-heading-title elementor-size-default\">Recruitment<\/h2>\t\t\t\t<\/div>\n\t\t\t\t<\/div>\n\t\t\t\t<div class=\"elementor-element elementor-element-138f1083 elementor-widget elementor-widget-text-editor\" data-id=\"138f1083\" data-element_type=\"widget\" data-e-type=\"widget\" data-widget_type=\"text-editor.default\">\n\t\t\t\t<div class=\"elementor-widget-container\">\n\t\t\t\t\t\t\t\t\t\n<p>If you wish to apply, submit a spontaneous application, or request an internship or apprenticeship, please send your CV and cover letter to the address:<\/p>\n\n<p>recrutement@dpia.fr<\/p>\n\n<div class=\"wp-block-buttons is-layout-flex wp-block-buttons-is-layout-flex\"><\/div>\n\n<p>\u00a0<\/p>\n\t\t\t\t\t\t\t\t<\/div>\n\t\t\t\t<\/div>\n\t\t\t\t<div class=\"elementor-element elementor-element-a0407cd elementor-widget elementor-widget-button\" data-id=\"a0407cd\" data-element_type=\"widget\" data-e-type=\"widget\" data-widget_type=\"button.default\">\n\t\t\t\t<div class=\"elementor-widget-container\">\n\t\t\t\t\t\t\t\t\t<div class=\"elementor-button-wrapper\">\n\t\t\t\t\t<a class=\"elementor-button elementor-button-link elementor-size-sm\" href=\"https:\/\/dpia-colaert.com\/en\/contact\/\">\n\t\t\t\t\t\t<span class=\"elementor-button-content-wrapper\">\n\t\t\t\t\t\t\t\t\t<span class=\"elementor-button-text\">Contact us<\/span>\n\t\t\t\t\t<\/span>\n\t\t\t\t\t<\/a>\n\t\t\t\t<\/div>\n\t\t\t\t\t\t\t\t<\/div>\n\t\t\t\t<\/div>\n\t\t\t\t\t<\/div>\n\t\t\t\t<\/div>\n\t\t\t\t<\/div>","protected":false},"excerpt":{"rendered":"<p>Recrutement Vous souhaitez postuler, proposer une candidature spontan\u00e9e, ou faire une demande de stage ou d&rsquo;apprentissage, merci d&rsquo;envoyer votre CV et lettre de motivation \u00e0 l&rsquo;adresse : recrutement@dpia.fr \u00a0 Nous contacter<\/p>","protected":false},"author":1,"featured_media":0,"parent":0,"menu_order":0,"comment_status":"closed","ping_status":"closed","template":"","meta":{"footnotes":""},"class_list":["post-530","page","type-page","status-publish","hentry"],"yoast_head":"<!-- This site is optimized with the Yoast SEO plugin v22.7 - https:\/\/yoast.com\/wordpress\/plugins\/seo\/ -->\n<title>Recrutement - DPIA COLAERT<\/title>\n<meta name=\"description\" content=\"DPIA re\u00e7oit r\u00e9guli\u00e8rement des stagiaires, et apprentis, n&#039;h\u00e9sitez pas \u00e0 candidater et \u00e0 nous contacter pour nos recrutements.\" \/>\n<meta name=\"robots\" content=\"index, follow, max-snippet:-1, max-image-preview:large, max-video-preview:-1\" \/>\n<link rel=\"canonical\" href=\"https:\/\/dpia-colaert.com\/en\/recrutement\/\" \/>\n<meta property=\"og:locale\" content=\"en_GB\" \/>\n<meta property=\"og:type\" content=\"article\" \/>\n<meta property=\"og:title\" content=\"Recrutement - DPIA COLAERT\" \/>\n<meta property=\"og:description\" content=\"DPIA re\u00e7oit r\u00e9guli\u00e8rement des stagiaires, et apprentis, n&#039;h\u00e9sitez pas \u00e0 candidater et \u00e0 nous contacter pour nos recrutements.\" \/>\n<meta property=\"og:url\" content=\"https:\/\/dpia-colaert.com\/en\/recrutement\/\" \/>\n<meta property=\"og:site_name\" content=\"DPIA COLAERT\" \/>\n<meta property=\"article:modified_time\" content=\"2024-04-16T09:12:17+00:00\" \/>\n<meta property=\"og:image\" content=\"https:\/\/dpia-colaert.com\/wp-content\/uploads\/2024\/03\/dpia-fabricant-liaison-au-sol.jpg\" \/>\n\t<meta property=\"og:image:width\" content=\"1920\" \/>\n\t<meta property=\"og:image:height\" content=\"1280\" \/>\n\t<meta property=\"og:image:type\" content=\"image\/jpeg\" \/>\n<meta name=\"twitter:card\" content=\"summary_large_image\" \/>\n<meta name=\"twitter:label1\" content=\"Estimated reading time\" \/>\n\t<meta name=\"twitter:data1\" content=\"1 minute\" \/>\n<script type=\"application\/ld+json\" class=\"yoast-schema-graph\">{\"@context\":\"https:\/\/schema.org\",\"@graph\":[{\"@type\":\"WebPage\",\"@id\":\"https:\/\/dpia-colaert.com\/recrutement\/\",\"url\":\"https:\/\/dpia-colaert.com\/recrutement\/\",\"name\":\"Recrutement - DPIA COLAERT\",\"isPartOf\":{\"@id\":\"https:\/\/dpia-colaert.com\/#website\"},\"datePublished\":\"2024-04-09T11:29:38+00:00\",\"dateModified\":\"2024-04-16T09:12:17+00:00\",\"description\":\"DPIA re\u00e7oit r\u00e9guli\u00e8rement des stagiaires, et apprentis, n'h\u00e9sitez pas \u00e0 candidater et \u00e0 nous contacter pour nos recrutements.\",\"breadcrumb\":{\"@id\":\"https:\/\/dpia-colaert.com\/recrutement\/#breadcrumb\"},\"inLanguage\":\"en-GB\",\"potentialAction\":[{\"@type\":\"ReadAction\",\"target\":[\"https:\/\/dpia-colaert.com\/recrutement\/\"]}]},{\"@type\":\"BreadcrumbList\",\"@id\":\"https:\/\/dpia-colaert.com\/recrutement\/#breadcrumb\",\"itemListElement\":[{\"@type\":\"ListItem\",\"position\":1,\"name\":\"Accueil\",\"item\":\"https:\/\/dpia-colaert.com\/\"},{\"@type\":\"ListItem\",\"position\":2,\"name\":\"Recrutement\"}]},{\"@type\":\"WebSite\",\"@id\":\"https:\/\/dpia-colaert.com\/#website\",\"url\":\"https:\/\/dpia-colaert.com\/\",\"name\":\"DPIA COLAERT\",\"description\":\"Conception et Fabrication de syst\u00e8me de suspension et liaison au sol auto, mobilit\u00e9 et railway depuis 1978.\",\"publisher\":{\"@id\":\"https:\/\/dpia-colaert.com\/#organization\"},\"alternateName\":\"DPIA\",\"potentialAction\":[{\"@type\":\"SearchAction\",\"target\":{\"@type\":\"EntryPoint\",\"urlTemplate\":\"https:\/\/dpia-colaert.com\/?s={search_term_string}\"},\"query-input\":\"required name=search_term_string\"}],\"inLanguage\":\"en-GB\"},{\"@type\":\"Organization\",\"@id\":\"https:\/\/dpia-colaert.com\/#organization\",\"name\":\"DPIA COLAERT\",\"alternateName\":\"DPIA\",\"url\":\"https:\/\/dpia-colaert.com\/\",\"logo\":{\"@type\":\"ImageObject\",\"inLanguage\":\"en-GB\",\"@id\":\"https:\/\/dpia-colaert.com\/#\/schema\/logo\/image\/\",\"url\":\"https:\/\/dpia-colaert.com\/wp-content\/uploads\/2024\/03\/Fichier-1dpia-logo.png\",\"contentUrl\":\"https:\/\/dpia-colaert.com\/wp-content\/uploads\/2024\/03\/Fichier-1dpia-logo.png\",\"width\":771,\"height\":173,\"caption\":\"DPIA COLAERT\"},\"image\":{\"@id\":\"https:\/\/dpia-colaert.com\/#\/schema\/logo\/image\/\"},\"sameAs\":[\"https:\/\/www.linkedin.com\/company\/dpia\/\"]}]}<\/script>\n<!-- \/ Yoast SEO plugin. -->","yoast_head_json":{"title":"Recrutement - DPIA COLAERT","description":"DPIA re\u00e7oit r\u00e9guli\u00e8rement des stagiaires, et apprentis, n'h\u00e9sitez pas \u00e0 candidater et \u00e0 nous contacter pour nos recrutements.","robots":{"index":"index","follow":"follow","max-snippet":"max-snippet:-1","max-image-preview":"max-image-preview:large","max-video-preview":"max-video-preview:-1"},"canonical":"https:\/\/dpia-colaert.com\/en\/recrutement\/","og_locale":"en_GB","og_type":"article","og_title":"Recrutement - DPIA COLAERT","og_description":"DPIA re\u00e7oit r\u00e9guli\u00e8rement des stagiaires, et apprentis, n'h\u00e9sitez pas \u00e0 candidater et \u00e0 nous contacter pour nos recrutements.","og_url":"https:\/\/dpia-colaert.com\/en\/recrutement\/","og_site_name":"DPIA COLAERT","article_modified_time":"2024-04-16T09:12:17+00:00","og_image":[{"width":1920,"height":1280,"url":"https:\/\/dpia-colaert.com\/wp-content\/uploads\/2024\/03\/dpia-fabricant-liaison-au-sol.jpg","type":"image\/jpeg"}],"twitter_card":"summary_large_image","twitter_misc":{"Estimated reading time":"1 minute"},"schema":{"@context":"https:\/\/schema.org","@graph":[{"@type":"WebPage","@id":"https:\/\/dpia-colaert.com\/recrutement\/","url":"https:\/\/dpia-colaert.com\/recrutement\/","name":"Recrutement - DPIA COLAERT","isPartOf":{"@id":"https:\/\/dpia-colaert.com\/#website"},"datePublished":"2024-04-09T11:29:38+00:00","dateModified":"2024-04-16T09:12:17+00:00","description":"DPIA re\u00e7oit r\u00e9guli\u00e8rement des stagiaires, et apprentis, n'h\u00e9sitez pas \u00e0 candidater et \u00e0 nous contacter pour nos recrutements.","breadcrumb":{"@id":"https:\/\/dpia-colaert.com\/recrutement\/#breadcrumb"},"inLanguage":"en-GB","potentialAction":[{"@type":"ReadAction","target":["https:\/\/dpia-colaert.com\/recrutement\/"]}]},{"@type":"BreadcrumbList","@id":"https:\/\/dpia-colaert.com\/recrutement\/#breadcrumb","itemListElement":[{"@type":"ListItem","position":1,"name":"Accueil","item":"https:\/\/dpia-colaert.com\/"},{"@type":"ListItem","position":2,"name":"Recrutement"}]},{"@type":"WebSite","@id":"https:\/\/dpia-colaert.com\/#website","url":"https:\/\/dpia-colaert.com\/","name":"DPIA COLAERT","description":"Conception et Fabrication de syst\u00e8me de suspension et liaison au sol auto, mobilit\u00e9 et railway depuis 1978.","publisher":{"@id":"https:\/\/dpia-colaert.com\/#organization"},"alternateName":"DPIA","potentialAction":[{"@type":"SearchAction","target":{"@type":"EntryPoint","urlTemplate":"https:\/\/dpia-colaert.com\/?s={search_term_string}"},"query-input":"required name=search_term_string"}],"inLanguage":"en-GB"},{"@type":"Organization","@id":"https:\/\/dpia-colaert.com\/#organization","name":"DPIA COLAERT","alternateName":"DPIA","url":"https:\/\/dpia-colaert.com\/","logo":{"@type":"ImageObject","inLanguage":"en-GB","@id":"https:\/\/dpia-colaert.com\/#\/schema\/logo\/image\/","url":"https:\/\/dpia-colaert.com\/wp-content\/uploads\/2024\/03\/Fichier-1dpia-logo.png","contentUrl":"https:\/\/dpia-colaert.com\/wp-content\/uploads\/2024\/03\/Fichier-1dpia-logo.png","width":771,"height":173,"caption":"DPIA COLAERT"},"image":{"@id":"https:\/\/dpia-colaert.com\/#\/schema\/logo\/image\/"},"sameAs":["https:\/\/www.linkedin.com\/company\/dpia\/"]}]}},"_links":{"self":[{"href":"https:\/\/dpia-colaert.com\/en\/wp-json\/wp\/v2\/pages\/530","targetHints":{"allow":["GET"]}}],"collection":[{"href":"https:\/\/dpia-colaert.com\/en\/wp-json\/wp\/v2\/pages"}],"about":[{"href":"https:\/\/dpia-colaert.com\/en\/wp-json\/wp\/v2\/types\/page"}],"author":[{"embeddable":true,"href":"https:\/\/dpia-colaert.com\/en\/wp-json\/wp\/v2\/users\/1"}],"replies":[{"embeddable":true,"href":"https:\/\/dpia-colaert.com\/en\/wp-json\/wp\/v2\/comments?post=530"}],"version-history":[{"count":4,"href":"https:\/\/dpia-colaert.com\/en\/wp-json\/wp\/v2\/pages\/530\/revisions"}],"predecessor-version":[{"id":636,"href":"https:\/\/dpia-colaert.com\/en\/wp-json\/wp\/v2\/pages\/530\/revisions\/636"}],"wp:attachment":[{"href":"https:\/\/dpia-colaert.com\/en\/wp-json\/wp\/v2\/media?parent=530"}],"curies":[{"name":"wp","href":"https:\/\/api.w.org\/{rel}","templated":true}]}}