{"id":526,"date":"2024-04-09T13:24:51","date_gmt":"2024-04-09T11:24:51","guid":{"rendered":"https:\/\/dpia-colaert.com\/?page_id=526"},"modified":"2024-04-16T11:09:39","modified_gmt":"2024-04-16T09:09:39","slug":"mentions-legales","status":"publish","type":"page","link":"https:\/\/dpia-colaert.com\/en\/mentions-legales\/","title":{"rendered":"Legal Notice"},"content":{"rendered":"<div data-elementor-type=\"wp-page\" data-elementor-id=\"526\" class=\"elementor elementor-526\" data-elementor-post-type=\"page\">\n\t\t\t\t<div class=\"elementor-element elementor-element-5666e2e4 e-flex e-con-boxed e-con e-parent\" data-id=\"5666e2e4\" data-element_type=\"container\" data-e-type=\"container\">\n\t\t\t\t\t<div class=\"e-con-inner\">\n\t\t\t\t<div class=\"elementor-element elementor-element-159ccc9 elementor-widget elementor-widget-heading\" data-id=\"159ccc9\" data-element_type=\"widget\" data-e-type=\"widget\" data-widget_type=\"heading.default\">\n\t\t\t\t<div class=\"elementor-widget-container\">\n\t\t\t\t\t<h2 class=\"elementor-heading-title elementor-size-default\">LEGAL NOTICE<\/h2>\t\t\t\t<\/div>\n\t\t\t\t<\/div>\n\t\t\t\t<div class=\"elementor-element elementor-element-6bb98d8e elementor-widget elementor-widget-text-editor\" data-id=\"6bb98d8e\" data-element_type=\"widget\" data-e-type=\"widget\" data-widget_type=\"text-editor.default\">\n\t\t\t\t<div class=\"elementor-widget-container\">\n\t\t\t\t\t\t\t\t\t\n<h2 class=\"wp-block-heading\">\u00a0<\/h2>\n\n<p><strong>Social reason :<\/strong>\u00a0DPIA SAS<\/p>\n\n<p><strong>Head office postal address:<\/strong>\u00a02-12 All\u00e9e Marconi &#8211; 26000 VALENCE<\/p>\n\n<p><strong>Telephone number:<\/strong>\u00a0+33 475 438 989<\/p>\n\n<p><strong>N\u00b0 RCS :<\/strong>\u00a0Romans 320 251 713<\/p>\n\n<p><strong>CNIL declaration number:<\/strong>\u00a01612385<\/p>\n\n<p><strong>Publication Director :<\/strong>\u00a0Eric VITON<\/p>\n\n<p><strong>Host :<\/strong> OVH<\/p>\n\n<p><strong>Website development and graphics:<\/strong><a href=\"https:\/\/etpourquoipaslalune.fr\"> Aur\u00e9lie All\u00e9on etpourquoipaslalune<\/a><\/p>\n\t\t\t\t\t\t\t\t<\/div>\n\t\t\t\t<\/div>\n\t\t\t\t\t<\/div>\n\t\t\t\t<\/div>\n\t\t\t\t<\/div>","protected":false},"excerpt":{"rendered":"<p>MENTIONS L\u00c9GALES \u00a0 Raison sociale :\u00a0DPIA SAS Adresse postale du si\u00e8ge social :\u00a02-12 All\u00e9e Marconi &#8211; 26000 VALENCE N\u00b0 t\u00e9l\u00e9phone :\u00a0+33 475 438 989 N\u00b0 RCS :\u00a0Romans 320 251 713 N\u00b0 de d\u00e9claration CNIL :\u00a01612385 Directeur de la Publication :\u00a0Eric VITON H\u00e9bergeur : OVH D\u00e9veloppement du site web et graphisme : Aur\u00e9lie All\u00e9on etpourquoipaslalune<\/p>","protected":false},"author":1,"featured_media":0,"parent":0,"menu_order":0,"comment_status":"closed","ping_status":"closed","template":"","meta":{"footnotes":""},"class_list":["post-526","page","type-page","status-publish","hentry"],"yoast_head":"<!-- This site is optimized with the Yoast SEO plugin v22.7 - https:\/\/yoast.com\/wordpress\/plugins\/seo\/ -->\n<title>Mentions l\u00e9gales - DPIA COLAERT<\/title>\n<meta name=\"description\" content=\"DPIA Colaert, le site web officiel et institutionnel pour d\u00e9couvrir nos m\u00e9tiers et produits.\" \/>\n<meta name=\"robots\" content=\"noindex, follow\" \/>\n<meta property=\"og:locale\" content=\"en_GB\" \/>\n<meta property=\"og:type\" content=\"article\" \/>\n<meta property=\"og:title\" content=\"Mentions l\u00e9gales - DPIA COLAERT\" \/>\n<meta property=\"og:description\" content=\"DPIA Colaert, le site web officiel et institutionnel pour d\u00e9couvrir nos m\u00e9tiers et produits.\" \/>\n<meta property=\"og:url\" content=\"https:\/\/dpia-colaert.com\/en\/mentions-legales\/\" \/>\n<meta property=\"og:site_name\" content=\"DPIA COLAERT\" \/>\n<meta property=\"article:modified_time\" content=\"2024-04-16T09:09:39+00:00\" \/>\n<meta property=\"og:image\" content=\"https:\/\/dpia-colaert.com\/wp-content\/uploads\/2024\/03\/dpia-fabricant-liaison-au-sol.jpg\" \/>\n\t<meta property=\"og:image:width\" content=\"1920\" \/>\n\t<meta property=\"og:image:height\" content=\"1280\" \/>\n\t<meta property=\"og:image:type\" content=\"image\/jpeg\" \/>\n<meta name=\"twitter:card\" content=\"summary_large_image\" \/>\n<meta name=\"twitter:label1\" content=\"Estimated reading time\" \/>\n\t<meta name=\"twitter:data1\" content=\"1 minute\" \/>\n<script type=\"application\/ld+json\" class=\"yoast-schema-graph\">{\"@context\":\"https:\/\/schema.org\",\"@graph\":[{\"@type\":\"WebPage\",\"@id\":\"https:\/\/dpia-colaert.com\/mentions-legales\/\",\"url\":\"https:\/\/dpia-colaert.com\/mentions-legales\/\",\"name\":\"Mentions l\u00e9gales - DPIA COLAERT\",\"isPartOf\":{\"@id\":\"https:\/\/dpia-colaert.com\/#website\"},\"datePublished\":\"2024-04-09T11:24:51+00:00\",\"dateModified\":\"2024-04-16T09:09:39+00:00\",\"description\":\"DPIA Colaert, le site web officiel et institutionnel pour d\u00e9couvrir nos m\u00e9tiers et produits.\",\"breadcrumb\":{\"@id\":\"https:\/\/dpia-colaert.com\/mentions-legales\/#breadcrumb\"},\"inLanguage\":\"en-GB\",\"potentialAction\":[{\"@type\":\"ReadAction\",\"target\":[\"https:\/\/dpia-colaert.com\/mentions-legales\/\"]}]},{\"@type\":\"BreadcrumbList\",\"@id\":\"https:\/\/dpia-colaert.com\/mentions-legales\/#breadcrumb\",\"itemListElement\":[{\"@type\":\"ListItem\",\"position\":1,\"name\":\"Accueil\",\"item\":\"https:\/\/dpia-colaert.com\/\"},{\"@type\":\"ListItem\",\"position\":2,\"name\":\"Mentions l\u00e9gales\"}]},{\"@type\":\"WebSite\",\"@id\":\"https:\/\/dpia-colaert.com\/#website\",\"url\":\"https:\/\/dpia-colaert.com\/\",\"name\":\"DPIA COLAERT\",\"description\":\"Conception et Fabrication de syst\u00e8me de suspension et liaison au sol auto, mobilit\u00e9 et railway depuis 1978.\",\"publisher\":{\"@id\":\"https:\/\/dpia-colaert.com\/#organization\"},\"alternateName\":\"DPIA\",\"potentialAction\":[{\"@type\":\"SearchAction\",\"target\":{\"@type\":\"EntryPoint\",\"urlTemplate\":\"https:\/\/dpia-colaert.com\/?s={search_term_string}\"},\"query-input\":\"required name=search_term_string\"}],\"inLanguage\":\"en-GB\"},{\"@type\":\"Organization\",\"@id\":\"https:\/\/dpia-colaert.com\/#organization\",\"name\":\"DPIA COLAERT\",\"alternateName\":\"DPIA\",\"url\":\"https:\/\/dpia-colaert.com\/\",\"logo\":{\"@type\":\"ImageObject\",\"inLanguage\":\"en-GB\",\"@id\":\"https:\/\/dpia-colaert.com\/#\/schema\/logo\/image\/\",\"url\":\"https:\/\/dpia-colaert.com\/wp-content\/uploads\/2024\/03\/Fichier-1dpia-logo.png\",\"contentUrl\":\"https:\/\/dpia-colaert.com\/wp-content\/uploads\/2024\/03\/Fichier-1dpia-logo.png\",\"width\":771,\"height\":173,\"caption\":\"DPIA COLAERT\"},\"image\":{\"@id\":\"https:\/\/dpia-colaert.com\/#\/schema\/logo\/image\/\"},\"sameAs\":[\"https:\/\/www.linkedin.com\/company\/dpia\/\"]}]}<\/script>\n<!-- \/ Yoast SEO plugin. -->","yoast_head_json":{"title":"Mentions l\u00e9gales - DPIA COLAERT","description":"DPIA Colaert, le site web officiel et institutionnel pour d\u00e9couvrir nos m\u00e9tiers et produits.","robots":{"index":"noindex","follow":"follow"},"og_locale":"en_GB","og_type":"article","og_title":"Mentions l\u00e9gales - DPIA COLAERT","og_description":"DPIA Colaert, le site web officiel et institutionnel pour d\u00e9couvrir nos m\u00e9tiers et produits.","og_url":"https:\/\/dpia-colaert.com\/en\/mentions-legales\/","og_site_name":"DPIA COLAERT","article_modified_time":"2024-04-16T09:09:39+00:00","og_image":[{"width":1920,"height":1280,"url":"https:\/\/dpia-colaert.com\/wp-content\/uploads\/2024\/03\/dpia-fabricant-liaison-au-sol.jpg","type":"image\/jpeg"}],"twitter_card":"summary_large_image","twitter_misc":{"Estimated reading time":"1 minute"},"schema":{"@context":"https:\/\/schema.org","@graph":[{"@type":"WebPage","@id":"https:\/\/dpia-colaert.com\/mentions-legales\/","url":"https:\/\/dpia-colaert.com\/mentions-legales\/","name":"Mentions l\u00e9gales - DPIA COLAERT","isPartOf":{"@id":"https:\/\/dpia-colaert.com\/#website"},"datePublished":"2024-04-09T11:24:51+00:00","dateModified":"2024-04-16T09:09:39+00:00","description":"DPIA Colaert, le site web officiel et institutionnel pour d\u00e9couvrir nos m\u00e9tiers et produits.","breadcrumb":{"@id":"https:\/\/dpia-colaert.com\/mentions-legales\/#breadcrumb"},"inLanguage":"en-GB","potentialAction":[{"@type":"ReadAction","target":["https:\/\/dpia-colaert.com\/mentions-legales\/"]}]},{"@type":"BreadcrumbList","@id":"https:\/\/dpia-colaert.com\/mentions-legales\/#breadcrumb","itemListElement":[{"@type":"ListItem","position":1,"name":"Accueil","item":"https:\/\/dpia-colaert.com\/"},{"@type":"ListItem","position":2,"name":"Mentions l\u00e9gales"}]},{"@type":"WebSite","@id":"https:\/\/dpia-colaert.com\/#website","url":"https:\/\/dpia-colaert.com\/","name":"DPIA COLAERT","description":"Conception et Fabrication de syst\u00e8me de suspension et liaison au sol auto, mobilit\u00e9 et railway depuis 1978.","publisher":{"@id":"https:\/\/dpia-colaert.com\/#organization"},"alternateName":"DPIA","potentialAction":[{"@type":"SearchAction","target":{"@type":"EntryPoint","urlTemplate":"https:\/\/dpia-colaert.com\/?s={search_term_string}"},"query-input":"required name=search_term_string"}],"inLanguage":"en-GB"},{"@type":"Organization","@id":"https:\/\/dpia-colaert.com\/#organization","name":"DPIA COLAERT","alternateName":"DPIA","url":"https:\/\/dpia-colaert.com\/","logo":{"@type":"ImageObject","inLanguage":"en-GB","@id":"https:\/\/dpia-colaert.com\/#\/schema\/logo\/image\/","url":"https:\/\/dpia-colaert.com\/wp-content\/uploads\/2024\/03\/Fichier-1dpia-logo.png","contentUrl":"https:\/\/dpia-colaert.com\/wp-content\/uploads\/2024\/03\/Fichier-1dpia-logo.png","width":771,"height":173,"caption":"DPIA COLAERT"},"image":{"@id":"https:\/\/dpia-colaert.com\/#\/schema\/logo\/image\/"},"sameAs":["https:\/\/www.linkedin.com\/company\/dpia\/"]}]}},"_links":{"self":[{"href":"https:\/\/dpia-colaert.com\/en\/wp-json\/wp\/v2\/pages\/526","targetHints":{"allow":["GET"]}}],"collection":[{"href":"https:\/\/dpia-colaert.com\/en\/wp-json\/wp\/v2\/pages"}],"about":[{"href":"https:\/\/dpia-colaert.com\/en\/wp-json\/wp\/v2\/types\/page"}],"author":[{"embeddable":true,"href":"https:\/\/dpia-colaert.com\/en\/wp-json\/wp\/v2\/users\/1"}],"replies":[{"embeddable":true,"href":"https:\/\/dpia-colaert.com\/en\/wp-json\/wp\/v2\/comments?post=526"}],"version-history":[{"count":5,"href":"https:\/\/dpia-colaert.com\/en\/wp-json\/wp\/v2\/pages\/526\/revisions"}],"predecessor-version":[{"id":633,"href":"https:\/\/dpia-colaert.com\/en\/wp-json\/wp\/v2\/pages\/526\/revisions\/633"}],"wp:attachment":[{"href":"https:\/\/dpia-colaert.com\/en\/wp-json\/wp\/v2\/media?parent=526"}],"curies":[{"name":"wp","href":"https:\/\/api.w.org\/{rel}","templated":true}]}}